{"id":172,"date":"2024-12-06T09:23:23","date_gmt":"2024-12-06T08:23:23","guid":{"rendered":"https:\/\/rivacostruzioni.ch\/?page_id=172"},"modified":"2024-12-06T09:24:01","modified_gmt":"2024-12-06T08:24:01","slug":"chi-siamo","status":"publish","type":"page","link":"https:\/\/rivacostruzioni.ch\/index.php\/chi-siamo\/","title":{"rendered":"Chi Siamo"},"content":{"rendered":"\t\t<div data-elementor-type=\"wp-page\" data-elementor-id=\"172\" class=\"elementor elementor-172\" data-elementor-post-type=\"page\">\n\t\t\t\t<div class=\"elementor-element elementor-element-a5f22f6 e-flex e-con-boxed e-con e-parent\" data-id=\"a5f22f6\" data-element_type=\"container\" data-e-type=\"container\" data-settings=\"{&quot;background_background&quot;:&quot;classic&quot;}\">\n\t\t\t\t\t<div class=\"e-con-inner\">\n\t\t\t\t\t<\/div>\n\t\t\t\t<\/div>\n\t\t<div class=\"elementor-element elementor-element-7af7c39 e-flex e-con-boxed e-con e-parent\" data-id=\"7af7c39\" data-element_type=\"container\" data-e-type=\"container\">\n\t\t\t\t\t<div class=\"e-con-inner\">\n\t\t<div class=\"elementor-element elementor-element-6157243 e-con-full e-flex e-con e-child\" data-id=\"6157243\" data-element_type=\"container\" data-e-type=\"container\">\n\t\t\t\t<div class=\"elementor-element elementor-element-1206a1e elementor-widget elementor-widget-text-editor\" data-id=\"1206a1e\" data-element_type=\"widget\" data-e-type=\"widget\" data-widget_type=\"text-editor.default\">\n\t\t\t\t<div class=\"elementor-widget-container\">\n\t\t\t\t\t\t\t\t\t<p>L\u2019attivit\u00e0 della Riva Costruzioni SA ha inizio nei primi anni del dopoguerra, sin dal 1947. \u00a0Il fondatore Vincenzo Riva, figlio unico e orfano di padre all\u2019et\u00e0 di 9 anni, costretto ad emigrare nella Svizzera Tedesca per mancanza di lavoro nella regione, li mosse i primi passi nella costruzione fino a divenire Capo Cantiere, nella foto durante la realizzazione della Stazione di Langnau ca. 1940.<\/p><p>Nei primi periodi della seconda guerra mondiale decise di tornare a Tremona ed inizi\u00f2 ad intraprendere i primi lavori edili e, di conseguenza ad assumere il primo dipendente nel 1947, denominando poi l\u2019azienda \u201cRiva Vincenzo Costruzioni\u201d.<\/p><p>Nel 1961, con l\u2019entrata in azienda del figlio Francesco, l\u2019azienda inizi\u00f2 a crescere ed inizi\u00f2 ad affermarsi sul mercato, poi nel 1974 la direzione si rafforz\u00f2 ulteriormente con l\u2019arrivo in azienda del nipote Silvio, dove negli anni \u201980 inizi\u00f2 a rafforzare l\u2019azienda con parco macchine ed attrezzature.<\/p><p>Tutt\u2019oggi si pu\u00f2 definire l\u2019impresa Riva un\u2019impresa a conduzione familiare divenuta per\u00f2 nel 2003 a tutti gli effetti una SA. Operante nella regione del Canton Ticino, in particolare nel Sottoceneri, oggi conta 50 collaboratori propri.<\/p>\t\t\t\t\t\t\t\t<\/div>\n\t\t\t\t<\/div>\n\t\t\t\t<\/div>\n\t\t<div class=\"elementor-element elementor-element-333dd1d e-con-full e-flex e-con e-child\" data-id=\"333dd1d\" data-element_type=\"container\" data-e-type=\"container\">\n\t\t\t\t<div class=\"elementor-element elementor-element-407838f elementor-pagination-position-inside elementor-widget elementor-widget-image-carousel\" data-id=\"407838f\" data-element_type=\"widget\" data-e-type=\"widget\" data-settings=\"{&quot;slides_to_show&quot;:&quot;1&quot;,&quot;navigation&quot;:&quot;dots&quot;,&quot;autoplay&quot;:&quot;yes&quot;,&quot;pause_on_hover&quot;:&quot;yes&quot;,&quot;pause_on_interaction&quot;:&quot;yes&quot;,&quot;autoplay_speed&quot;:5000,&quot;infinite&quot;:&quot;yes&quot;,&quot;effect&quot;:&quot;slide&quot;,&quot;speed&quot;:500}\" data-widget_type=\"image-carousel.default\">\n\t\t\t\t<div class=\"elementor-widget-container\">\n\t\t\t\t\t\t\t<div class=\"elementor-image-carousel-wrapper swiper\" role=\"region\" aria-roledescription=\"carousel\" aria-label=\"Carosello d&#039;immagini\" dir=\"ltr\">\n\t\t\t<div class=\"elementor-image-carousel swiper-wrapper\" aria-live=\"off\">\n\t\t\t\t\t\t\t\t<div class=\"swiper-slide\" role=\"group\" aria-roledescription=\"slide\" aria-label=\"1 di 2\"><a data-elementor-open-lightbox=\"yes\" data-elementor-lightbox-slideshow=\"407838f\" data-e-action-hash=\"#elementor-action%3Aaction%3Dlightbox%26settings%3DeyJpZCI6MTczLCJ1cmwiOiJodHRwczpcL1wvcml2YWNvc3RydXppb25pLmNoXC93cC1jb250ZW50XC91cGxvYWRzXC8yMDI0XC8xMlwvdmVjY2hpYTEuanBnIiwic2xpZGVzaG93IjoiNDA3ODM4ZiJ9\" href=\"https:\/\/rivacostruzioni.ch\/wp-content\/uploads\/2024\/12\/vecchia1.jpg\"><figure class=\"swiper-slide-inner\"><img decoding=\"async\" class=\"swiper-slide-image\" src=\"https:\/\/rivacostruzioni.ch\/wp-content\/uploads\/elementor\/thumbs\/vecchia1-qy3n4bhhhmt0hj43vqpa60bmj2coapbg4uscbj7w4w.jpg\" alt=\"vecchia1\" \/><\/figure><\/a><\/div><div class=\"swiper-slide\" role=\"group\" aria-roledescription=\"slide\" aria-label=\"2 di 2\"><a data-elementor-open-lightbox=\"yes\" data-elementor-lightbox-slideshow=\"407838f\" data-e-action-hash=\"#elementor-action%3Aaction%3Dlightbox%26settings%3DeyJpZCI6MTc0LCJ1cmwiOiJodHRwczpcL1wvcml2YWNvc3RydXppb25pLmNoXC93cC1jb250ZW50XC91cGxvYWRzXC8yMDI0XC8xMlwvdmVjY2hpYTIuanBnIiwic2xpZGVzaG93IjoiNDA3ODM4ZiJ9\" href=\"https:\/\/rivacostruzioni.ch\/wp-content\/uploads\/2024\/12\/vecchia2.jpg\"><figure class=\"swiper-slide-inner\"><img decoding=\"async\" class=\"swiper-slide-image\" src=\"https:\/\/rivacostruzioni.ch\/wp-content\/uploads\/elementor\/thumbs\/vecchia2-qy3ncr3ct4cmnkv3mvxs1dpieis8cxsqyli6bwpqb4.jpg\" alt=\"vecchia2\" \/><\/figure><\/a><\/div>\t\t\t<\/div>\n\t\t\t\t\t\t\t\n\t\t\t\t\t\t\t\t\t<div class=\"swiper-pagination\"><\/div>\n\t\t\t\t\t\t\t\t\t<\/div>\n\t\t\t\t\t\t<\/div>\n\t\t\t\t<\/div>\n\t\t\t\t<\/div>\n\t\t\t\t\t<\/div>\n\t\t\t\t<\/div>\n\t\t\t\t<\/div>\n\t\t","protected":false},"excerpt":{"rendered":"<p>L\u2019attivit\u00e0 della Riva Costruzioni SA ha inizio nei primi anni del dopoguerra, sin dal 1947. \u00a0Il fondatore Vincenzo Riva, figlio unico e orfano di padre all\u2019et\u00e0 di 9 anni, costretto ad emigrare nella Svizzera Tedesca per mancanza di lavoro nella regione, li mosse i primi passi nella costruzione fino a divenire Capo Cantiere, nella foto [&hellip;]<\/p>\n","protected":false},"author":1,"featured_media":0,"parent":0,"menu_order":0,"comment_status":"closed","ping_status":"closed","template":"","meta":{"_acf_changed":false,"footnotes":""},"class_list":["post-172","page","type-page","status-publish","hentry"],"acf":[],"_links":{"self":[{"href":"https:\/\/rivacostruzioni.ch\/index.php\/wp-json\/wp\/v2\/pages\/172","targetHints":{"allow":["GET"]}}],"collection":[{"href":"https:\/\/rivacostruzioni.ch\/index.php\/wp-json\/wp\/v2\/pages"}],"about":[{"href":"https:\/\/rivacostruzioni.ch\/index.php\/wp-json\/wp\/v2\/types\/page"}],"author":[{"embeddable":true,"href":"https:\/\/rivacostruzioni.ch\/index.php\/wp-json\/wp\/v2\/users\/1"}],"replies":[{"embeddable":true,"href":"https:\/\/rivacostruzioni.ch\/index.php\/wp-json\/wp\/v2\/comments?post=172"}],"version-history":[{"count":3,"href":"https:\/\/rivacostruzioni.ch\/index.php\/wp-json\/wp\/v2\/pages\/172\/revisions"}],"predecessor-version":[{"id":179,"href":"https:\/\/rivacostruzioni.ch\/index.php\/wp-json\/wp\/v2\/pages\/172\/revisions\/179"}],"wp:attachment":[{"href":"https:\/\/rivacostruzioni.ch\/index.php\/wp-json\/wp\/v2\/media?parent=172"}],"curies":[{"name":"wp","href":"https:\/\/api.w.org\/{rel}","templated":true}]}}